{"id":45002,"date":"2025-11-26T23:30:00","date_gmt":"2025-11-26T23:30:00","guid":{"rendered":"https:\/\/loja.modakidsfashion.com.br\/wp\/?post_type=product&#038;p=45002"},"modified":"2026-02-05T20:33:33","modified_gmt":"2026-02-05T20:33:33","slug":"vestido-com-sobreposicao","status":"publish","type":"product","link":"https:\/\/loja.modakidsfashion.com.br\/wp\/produto\/vestido-com-sobreposicao\/","title":{"rendered":"VESTIDO COM SOBREPOSI\u00c7\u00c3O"},"content":{"rendered":"","protected":false},"excerpt":{"rendered":"<p>VESTIDO EM CANELADO PREMIUM COM SOBREPOSI\u00c7\u00c3O EM TULE COM JEANS LUXO E ESTILO NA MESMA PE\u00c7A !!!!!!<\/p>\n","protected":false},"featured_media":44805,"comment_status":"open","ping_status":"closed","template":"","meta":[],"product_brand":[515],"product_cat":[351,25,41],"product_tag":[136],"class_list":{"0":"post-45002","1":"product","2":"type-product","3":"status-publish","4":"has-post-thumbnail","6":"product_brand-gabriela-aquarela","7":"product_cat-nova-colecao","8":"product_cat-nao-classificado","9":"product_cat-modakids","10":"product_tag-lojakids","11":"product_shipping_class-bra","13":"first","14":"instock","15":"sale","16":"sold-individually","17":"shipping-taxable","18":"purchasable","19":"product-type-variable"},"_links":{"self":[{"href":"https:\/\/loja.modakidsfashion.com.br\/wp\/wp-json\/wp\/v2\/product\/45002","targetHints":{"allow":["GET"]}}],"collection":[{"href":"https:\/\/loja.modakidsfashion.com.br\/wp\/wp-json\/wp\/v2\/product"}],"about":[{"href":"https:\/\/loja.modakidsfashion.com.br\/wp\/wp-json\/wp\/v2\/types\/product"}],"replies":[{"embeddable":true,"href":"https:\/\/loja.modakidsfashion.com.br\/wp\/wp-json\/wp\/v2\/comments?post=45002"}],"wp:featuredmedia":[{"embeddable":true,"href":"https:\/\/loja.modakidsfashion.com.br\/wp\/wp-json\/wp\/v2\/media\/44805"}],"wp:attachment":[{"href":"https:\/\/loja.modakidsfashion.com.br\/wp\/wp-json\/wp\/v2\/media?parent=45002"}],"wp:term":[{"taxonomy":"product_brand","embeddable":true,"href":"https:\/\/loja.modakidsfashion.com.br\/wp\/wp-json\/wp\/v2\/product_brand?post=45002"},{"taxonomy":"product_cat","embeddable":true,"href":"https:\/\/loja.modakidsfashion.com.br\/wp\/wp-json\/wp\/v2\/product_cat?post=45002"},{"taxonomy":"product_tag","embeddable":true,"href":"https:\/\/loja.modakidsfashion.com.br\/wp\/wp-json\/wp\/v2\/product_tag?post=45002"}],"curies":[{"name":"wp","href":"https:\/\/api.w.org\/{rel}","templated":true}]}}